{"id":861,"date":"2024-10-18T15:51:56","date_gmt":"2024-10-18T15:51:56","guid":{"rendered":"https:\/\/www.ipjyc.gob.ar\/JEL\/?page_id=861"},"modified":"2024-11-12T15:57:52","modified_gmt":"2024-11-12T15:57:52","slug":"enterate","status":"publish","type":"page","link":"https:\/\/www.ipjyc.gob.ar\/JEL\/inicio\/enterate\/","title":{"rendered":"Enterate"},"content":{"rendered":"<p>[et_pb_section fb_built=\u00bb1&#8243; next_background_color=\u00bb#ffffff\u00bb disabled_on=\u00bboff|off|off\u00bb admin_label=\u00bbServices\u00bb _builder_version=\u00bb4.22.2&#8243; _module_preset=\u00bbdefault\u00bb background_enable_color=\u00bboff\u00bb background_image=\u00bbhttps:\/\/www.ipjyc.gob.ar\/JEL\/wp-content\/uploads\/2023\/11\/Banner-fino-para-paginas-JEL-completo-1.jpg\u00bb custom_margin=\u00bb||-15px|||\u00bb custom_padding=\u00bb0px||5px|||\u00bb bottom_divider_style=\u00bbwave2&#8243; bottom_divider_flip=\u00bbvertical|horizontal\u00bb collapsed=\u00bbon\u00bb global_colors_info=\u00bb{}\u00bb][et_pb_row _builder_version=\u00bb4.22.2&#8243; _module_preset=\u00bbdefault\u00bb width=\u00bb70%\u00bb width_last_edited=\u00bboff|desktop\u00bb min_height=\u00bb180.6px\u00bb custom_margin=\u00bb|auto|7px|auto||\u00bb custom_padding=\u00bb41px||0px|||\u00bb global_colors_info=\u00bb{}\u00bb width__hover_enabled=\u00bboff|desktop\u00bb][et_pb_column type=\u00bb4_4&#8243; _builder_version=\u00bb4.17.4&#8243; _module_preset=\u00bbdefault\u00bb global_colors_info=\u00bb{}\u00bb][ba_animated_text animated_text=\u00bb%91{%22value%22:%22Enterate%22,%22checked%22:0,%22dragID%22:-1},{%22value%22:%22Nuestra Conexi\u00f3n Informativa%22,%22checked%22:0,%22dragID%22:0}%93&#8243; animation_type=\u00bbtilt\u00bb text_alignment=\u00bbcenter\u00bb layout=\u00bbblock\u00bb animated_stroke_color=\u00bb#FFFFFF\u00bb suffix_bg=\u00bb#FFFFFF\u00bb suffix_stroke_color=\u00bb#FFFFFF\u00bb _builder_version=\u00bb4.22.2&#8243; _module_preset=\u00bbdefault\u00bb animated_level=\u00bbh1&#8243; animated_font=\u00bbInter|700|||||||\u00bb animated_text_color=\u00bb#FFFFFF\u00bb animated_font_size=\u00bb34px\u00bb main_text_color=\u00bb#FFFFFF\u00bb main_font_size=\u00bb49px\u00bb main_line_height=\u00bb1em\u00bb text_orientation=\u00bbcenter\u00bb width=\u00bb100%\u00bb max_width=\u00bb100%\u00bb main_font_size_tablet=\u00bb49px\u00bb main_font_size_phone=\u00bb24px\u00bb main_font_size_last_edited=\u00bbon|phone\u00bb global_colors_info=\u00bb{}\u00bb][\/ba_animated_text][\/et_pb_column][\/et_pb_row][\/et_pb_section][et_pb_section fb_built=\u00bb1&#8243; admin_label=\u00bbHow It Works\u00bb _builder_version=\u00bb4.22.2&#8243; _module_preset=\u00bbdefault\u00bb use_background_color_gradient=\u00bbon\u00bb background_color_gradient_stops=\u00bb#ffffff 3%|#16848b 100%\u00bb background_color_gradient_overlays_image=\u00bbon\u00bb background_enable_image=\u00bboff\u00bb custom_margin=\u00bb13px|||||\u00bb custom_padding=\u00bb11px||16px|||\u00bb locked=\u00bboff\u00bb collapsed=\u00bbon\u00bb global_colors_info=\u00bb{}\u00bb][et_pb_row use_custom_gutter=\u00bbon\u00bb gutter_width=\u00bb1&#8243; _builder_version=\u00bb4.22.2&#8243; _module_preset=\u00bbdefault\u00bb width=\u00bb99%\u00bb max_width=\u00bb2560px\u00bb custom_margin=\u00bb-28px|auto||auto||\u00bb custom_padding=\u00bb9px|||||\u00bb global_colors_info=\u00bb{}\u00bb][et_pb_column type=\u00bb4_4&#8243; _builder_version=\u00bb4.22.2&#8243; _module_preset=\u00bbdefault\u00bb global_colors_info=\u00bb{}\u00bb][et_pb_text _builder_version=\u00bb4.22.2&#8243; _module_preset=\u00bbdefault\u00bb text_text_color=\u00bb#575247&#8243; text_font_size=\u00bb17px\u00bb text_orientation=\u00bbcenter\u00bb background_layout=\u00bbdark\u00bb custom_margin=\u00bb4px|20%|5px|20%|false|true\u00bb global_colors_info=\u00bb{}\u00bb]<\/p>\n<p><span style=\"font-weight: 400;\">Aqu\u00ed encontrar\u00e1 informaci\u00f3n y noticias relacionadas al <strong>Juego en L\u00ednea<\/strong>.<\/span><\/p>\n<p>[\/et_pb_text][et_pb_blog fullwidth=\u00bboff\u00bb posts_number=\u00bb3&#8243; include_categories=\u00bball\u00bb excerpt_length=\u00bb150&#8243; show_author=\u00bboff\u00bb show_categories=\u00bboff\u00bb _builder_version=\u00bb4.22.2&#8243; _module_preset=\u00bbdefault\u00bb width=\u00bb90%\u00bb width_tablet=\u00bb60%\u00bb width_phone=\u00bb60%\u00bb width_last_edited=\u00bbon|phone\u00bb module_alignment=\u00bbcenter\u00bb hover_enabled=\u00bb0&#8243; border_width_all=\u00bb4px\u00bb border_color_all=\u00bb#C2BFB4&#8243; global_colors_info=\u00bb{}\u00bb sticky_enabled=\u00bb0&#8243;][\/et_pb_blog][\/et_pb_column][\/et_pb_row][\/et_pb_section][et_pb_section fb_built=\u00bb1&#8243; _builder_version=\u00bb4.22.2&#8243; _module_preset=\u00bbdefault\u00bb global_colors_info=\u00bb{}\u00bb][et_pb_row _builder_version=\u00bb4.22.2&#8243; _module_preset=\u00bbdefault\u00bb global_colors_info=\u00bb{}\u00bb][et_pb_column type=\u00bb4_4&#8243; _builder_version=\u00bb4.22.2&#8243; _module_preset=\u00bbdefault\u00bb global_colors_info=\u00bb{}\u00bb][ba_post_list posts_number=\u00bb10&#8243; item_padding=\u00bb0px|0px|30px|0px|false|false\u00bb image_width=\u00bb70px\u00bb image_height=\u00bb76px\u00bb image_spacing=\u00bb34px\u00bb meta_spacing=\u00bb5px\u00bb excerpt_spacing=\u00bb13px\u00bb _builder_version=\u00bb4.22.2&#8243; _module_preset=\u00bbdefault\u00bb title_font=\u00bb|700|||||||\u00bb title_text_color=\u00bb#3979ff\u00bb title_font_size=\u00bb1.5rem\u00bb content_text_color=\u00bb#354559&#8243; content_font_size=\u00bb1rem\u00bb meta_font=\u00bb|700|||||||\u00bb meta_text_color=\u00bb#354559&#8243; meta_font_size=\u00bb1rem\u00bb hover_enabled=\u00bb0&#8243; border_radii_image=\u00bbon|3px|3px|3px|3px\u00bb border_width_bottom_post=\u00bb1px\u00bb border_color_bottom_post=\u00bb#e2e5ed\u00bb global_colors_info=\u00bb{}\u00bb order=\u00bbDESC\u00bb post_offset=\u00bb3&#8243; sticky_enabled=\u00bb0&#8243;][\/ba_post_list][\/et_pb_column][\/et_pb_row][\/et_pb_section]<\/p>\n","protected":false},"excerpt":{"rendered":"<p><div class=\"et_pb_module ba_animated_text ba_animated_text_0\">\n\t\t\t\t\n\t\t\t\t\n\t\t\t\t\n\t\t\t\t\n\t\t\t\t\n\t\t\t\t\n\t\t\t\t<div class=\"et_pb_module_inner\">\n\t\t\t\t\t<div id=\"dtq-animated-text-0\" class=\"dtq-module dtq-animated-text dtq-front\" data-settings=\"{&quot;loop&quot;:true,&quot;in&quot;:{&quot;effect&quot;:&quot;flip&quot;,&quot;delayScale&quot;:1.5,&quot;delay&quot;:50,&quot;sync&quot;:false,&quot;reverse&quot;:false,&quot;shuffle&quot;:false},&quot;out&quot;:{&quot;effect&quot;:&quot;rotateOutDownLeft&quot;,&quot;delayScale&quot;:1.5,&quot;delay&quot;:50,&quot;sync&quot;:false,&quot;reverse&quot;:false,&quot;shuffle&quot;:false}}\" data-type=\"tilt\">\n\t\t\t\t<h1 class=\"dtq-animated-text-head\">\n\t\t\t\t\t <div class=\"dtq-animated-text-tilt\">\n\t\t\t\t\t<ul class=\"texts dtq-animated-text-main\"><li>Enterate<\/li><li>Nuestra Conexi\u00f3n Informativa<\/li><\/ul>\n\t\t\t\t<\/div> \n\t\t\t\t<\/h1>\n\t\t\t<\/div>\n\t\t\t\t<\/div>\n\t\t\t<\/div>Aqu\u00ed encontrar\u00e1 informaci\u00f3n y noticias relacionadas al Juego en L\u00ednea.<div class=\"et_pb_with_border et_pb_module ba_post_list ba_post_list_0\">\n\t\t\t\t\n\t\t\t\t\n\t\t\t\t\n\t\t\t\t\n\t\t\t\t\n\t\t\t\t\n\t\t\t\t<div class=\"et_pb_module_inner\">\n\t\t\t\t\t<div class=\"dtq-module dtq-post-list type-list\">\n                <ul class=\"dtq-post-list-parent\">\n                    <li class=\"dtq-post-list-child\">\n\t\t<a class=\"dtq-post-list-child-inner\" href=\"https:\/\/www.ipjyc.gob.ar\/JEL\/2024\/10\/18\/el-ipjyc-concientiza-sobre-las-problematicas-de-consumo-y-apuestas-ilegales-on-line\/\">\n\t\t\t<div class=\"dtq-post-list-thumb\">\n\t\t\t\t<img decoding=\"async\" class=\"dtq-img-cover\" src=\"https:\/\/www.ipjyc.gob.ar\/JEL\/wp-content\/uploads\/2024\/10\/Captura-de-pantalla-2024-10-18-130125.jpg\" \/>\n\t\t\t<\/div>\n\t\t\t<div class=\"dtq-post-list-content\">\n\t\t\t\t<h3 class=\"dtq-post-list-title\">El IPJyC concientiza sobre las problem\u00e1ticas de consumo y apuestas ilegales on-line<\/h3>\n\t\t\t\t\n\t\t\t\t<p class=\"dtq-post-list-excerpt\">A trav\u00e9s de un documento, busca brindar herramientas para la prevenci\u00f3n, concientizaci\u00f3n y promoci\u00f3n del uso responsable de tecnolog\u00edas focaliz\u00e1ndo...<\/p>\n\t\t\t<\/div>\n\t\t<\/a>\n\t<\/li><li class=\"dtq-post-list-child\">\n\t\t<a class=\"dtq-post-list-child-inner\" href=\"https:\/\/www.ipjyc.gob.ar\/JEL\/2024\/10\/22\/entrevista-a-ida-lopez-en-radio-nihuil-el-instituto-de-juegos-y-casinos-de-mendoza-alerta-sobre-plataformas-ilegales-y-el-juego-en-menores\/\">\n\t\t\t<div class=\"dtq-post-list-thumb\">\n\t\t\t\t<img decoding=\"async\" class=\"dtq-img-cover\" src=\"https:\/\/www.ipjyc.gob.ar\/JEL\/wp-content\/uploads\/2024\/10\/Ida-Lopez.jpg\" \/>\n\t\t\t<\/div>\n\t\t\t<div class=\"dtq-post-list-content\">\n\t\t\t\t<h3 class=\"dtq-post-list-title\">Entrevista a Ida L\u00f3pez en Radio Nihuil: el Instituto de Juegos y Casinos de Mendoza alerta sobre plataformas ilegales y el juego en menores<\/h3>\n\t\t\t\t\n\t\t\t\t<p class=\"dtq-post-list-excerpt\">En una extensa entrevista realizada por Ricardo Montacuto en Radio Nihuil, Ida L\u00f3pez, presidenta del Instituto de Juegos y Casinos de Mendoza, abor...<\/p>\n\t\t\t<\/div>\n\t\t<\/a>\n\t<\/li><li class=\"dtq-post-list-child\">\n\t\t<a class=\"dtq-post-list-child-inner\" href=\"https:\/\/www.ipjyc.gob.ar\/JEL\/2024\/10\/23\/nota-periodistica-juego-ilegal-y-menores-un-problema-en-crecimiento\/\">\n\t\t\t<div class=\"dtq-post-list-thumb\">\n\t\t\t\t<img decoding=\"async\" class=\"dtq-img-cover\" src=\"https:\/\/www.ipjyc.gob.ar\/JEL\/wp-content\/uploads\/2024\/10\/La-noche-con-vos3.jpg\" \/>\n\t\t\t<\/div>\n\t\t\t<div class=\"dtq-post-list-content\">\n\t\t\t\t<h3 class=\"dtq-post-list-title\">Juego Ilegal y Menores: un Problema en Crecimiento (nota period\u00edstica)<\/h3>\n\t\t\t\t\n\t\t\t\t<p class=\"dtq-post-list-excerpt\">En una reciente emisi\u00f3n del programa de entrevistas e inter\u00e9s general \u00abLa Noche con Vos\u00bb, transmitido por el canal Arraigo y Desarrollo, pertenecie...<\/p>\n\t\t\t<\/div>\n\t\t<\/a>\n\t<\/li><li class=\"dtq-post-list-child\">\n\t\t<a class=\"dtq-post-list-child-inner\" href=\"https:\/\/www.ipjyc.gob.ar\/JEL\/2024\/11\/11\/jugarse-la-vida-el-documental-que-expone-el-drama-de-las-apuestas-en-los-jovenes-argentinos\/\">\n\t\t\t<div class=\"dtq-post-list-thumb\">\n\t\t\t\t<img decoding=\"async\" class=\"dtq-img-cover\" src=\"https:\/\/www.ipjyc.gob.ar\/JEL\/wp-content\/uploads\/2024\/11\/Captura-documental-2.jpg\" \/>\n\t\t\t<\/div>\n\t\t\t<div class=\"dtq-post-list-content\">\n\t\t\t\t<h3 class=\"dtq-post-list-title\">Jugarse la Vida: el documental que expone el drama de las apuestas en los j\u00f3venes argentinos<\/h3>\n\t\t\t\t\n\t\t\t\t<p class=\"dtq-post-list-excerpt\">En el reciente documental Jugarse la Vida de Filo.News, se revela una problem\u00e1tica cada vez m\u00e1s com\u00fan entre la juventud argentina: la adicci\u00f3n a la...<\/p>\n\t\t\t<\/div>\n\t\t<\/a>\n\t<\/li><li class=\"dtq-post-list-child\">\n\t\t<a class=\"dtq-post-list-child-inner\" href=\"https:\/\/www.ipjyc.gob.ar\/JEL\/2025\/07\/10\/unidos-por-la-conciencia-artistas-se-suman-a-la-lucha-contra-el-juego-ilegal-online\/\">\n\t\t\t<div class=\"dtq-post-list-thumb\">\n\t\t\t\t<img decoding=\"async\" class=\"dtq-img-cover\" src=\"https:\/\/www.ipjyc.gob.ar\/JEL\/wp-content\/uploads\/2025\/07\/Captura-de-pantalla-2025-07-10-093618.jpg\" \/>\n\t\t\t<\/div>\n\t\t\t<div class=\"dtq-post-list-content\">\n\t\t\t\t<h3 class=\"dtq-post-list-title\">Unidos por la Conciencia: Artistas se Suman a la Lucha Contra el Juego Ilegal Online<\/h3>\n\t\t\t\t\n\t\t\t\t<p class=\"dtq-post-list-excerpt\">En una poderosa acci\u00f3n colectiva, destacados artistas han alzado su voz para advertir sobre una problem\u00e1tica silenciosa pero creciente: el juego en...<\/p>\n\t\t\t<\/div>\n\t\t<\/a>\n\t<\/li>\n                <\/ul>\n            <\/div>\n\t\t\t\t<\/div>\n\t\t\t<\/div><\/p>\n","protected":false},"author":2,"featured_media":0,"parent":877,"menu_order":0,"comment_status":"closed","ping_status":"closed","template":"","meta":{"_et_pb_use_builder":"on","_et_pb_old_content":"","_et_gb_content_width":"","footnotes":""},"class_list":["post-861","page","type-page","status-publish","hentry"],"_links":{"self":[{"href":"https:\/\/www.ipjyc.gob.ar\/JEL\/wp-json\/wp\/v2\/pages\/861","targetHints":{"allow":["GET"]}}],"collection":[{"href":"https:\/\/www.ipjyc.gob.ar\/JEL\/wp-json\/wp\/v2\/pages"}],"about":[{"href":"https:\/\/www.ipjyc.gob.ar\/JEL\/wp-json\/wp\/v2\/types\/page"}],"author":[{"embeddable":true,"href":"https:\/\/www.ipjyc.gob.ar\/JEL\/wp-json\/wp\/v2\/users\/2"}],"replies":[{"embeddable":true,"href":"https:\/\/www.ipjyc.gob.ar\/JEL\/wp-json\/wp\/v2\/comments?post=861"}],"version-history":[{"count":18,"href":"https:\/\/www.ipjyc.gob.ar\/JEL\/wp-json\/wp\/v2\/pages\/861\/revisions"}],"predecessor-version":[{"id":1050,"href":"https:\/\/www.ipjyc.gob.ar\/JEL\/wp-json\/wp\/v2\/pages\/861\/revisions\/1050"}],"up":[{"embeddable":true,"href":"https:\/\/www.ipjyc.gob.ar\/JEL\/wp-json\/wp\/v2\/pages\/877"}],"wp:attachment":[{"href":"https:\/\/www.ipjyc.gob.ar\/JEL\/wp-json\/wp\/v2\/media?parent=861"}],"curies":[{"name":"wp","href":"https:\/\/api.w.org\/{rel}","templated":true}]}}